{"id":4497,"date":"2024-02-23T06:25:07","date_gmt":"2024-02-23T05:25:07","guid":{"rendered":"https:\/\/misterpool.be\/produit\/pool-smart-pool-smart-multi-action-tablet-200-g\/"},"modified":"2026-04-27T19:41:43","modified_gmt":"2026-04-27T17:41:43","slug":"pool-smart-multi%e2%80%91action-tablet-200-g","status":"publish","type":"product","link":"https:\/\/misterpool.be\/nl\/producten\/pool-smart-multi%e2%80%91action-tablet-200-g\/","title":{"rendered":"Multi\u2011Tab \u2013 5 kg \u2013 Multi\u2011Action Chloortabletten 5\u2011in\u20111"},"content":{"rendered":"<p data-start=\"40\" data-end=\"240\">Het PREMIUM POOL PRODUCT-gamma van Fiverco is onze meest kwalitatieve productlijn voor waterbehandeling en bevat de hoogste concentratie aan actieve stoffen, wat zorgt voor een snellere werking.<\/p>\n<p data-start=\"247\" data-end=\"595\">Het product Multi-Tab is een multi-action chloortablet, ontworpen om het zwembadwater schoon en helder te houden. Deze tabletten van 200 gram zijn geformuleerd om bacteri\u00ebn en micro-organismen te elimineren, de groei van algen te voorkomen en het water helder te houden met \u00e9\u00e9n enkele toepassing. Ze zijn geschikt voor alle soorten zwembaden.<\/p>\n<p data-start=\"602\" data-end=\"665\">Ontdek hier welk type chloor geschikt is voor uw zwembad.<\/p>\n<h6>Gebruik biociden voorzichtig. Lees v\u00f3\u00f3r gebruik het etiket en de productinformatie.<\/h6>\n","protected":false},"excerpt":{"rendered":"<p>Het PREMIUM POOL PRODUCT-gamma van Fiverco is onze meest kwalitatieve productlijn voor waterbehandeling en bevat de hoogste concentratie aan actieve stoffen, wat zorgt voor een snellere werking. Het product Multi-Tab is een multi-action chloortablet, ontworpen om het zwembadwater schoon en helder te houden. Deze tabletten van 200 gram zijn geformuleerd om bacteri\u00ebn en micro-organismen te [&hellip;]<\/p>\n","protected":false},"featured_media":4500,"comment_status":"open","ping_status":"closed","template":"","meta":{"_acf_changed":false},"thematique":[245,322,326],"product_cat":[246,327,325],"product_brand":[],"product_tag":[],"class_list":{"0":"post-4497","1":"product","2":"type-product","3":"status-publish","4":"has-post-thumbnail","6":"thematique-chemie-in-volle-glorie","7":"thematique-chloor","8":"thematique-chloortablet","9":"product_cat-behandelingsproducten","10":"product_cat-chloortabletten-langzaam","11":"product_cat-desinfecterende-producten","12":"product_shipping_class-bpost","14":"first","15":"instock","16":"sale","17":"taxable","18":"shipping-taxable","19":"purchasable","20":"product-type-simple"},"acf":[],"yoast_head":"<!-- This site is optimized with the Yoast SEO plugin v27.2 - https:\/\/yoast.com\/product\/yoast-seo-wordpress\/ -->\n<title>Multi\u2011Tab \u2013 5 kg \u2013 Multi\u2011Action Chloortabletten 5\u2011in\u20111 - MisterPool<\/title>\n<meta name=\"robots\" content=\"index, follow, max-snippet:-1, max-image-preview:large, max-video-preview:-1\" \/>\n<link rel=\"canonical\" href=\"https:\/\/misterpool.be\/nl\/producten\/pool-smart-multi%e2%80%91action-tablet-200-g\/\" \/>\n<meta property=\"og:locale\" content=\"nl_NL\" \/>\n<meta property=\"og:type\" content=\"article\" \/>\n<meta property=\"og:title\" content=\"Multi\u2011Tab \u2013 5 kg \u2013 Multi\u2011Action Chloortabletten 5\u2011in\u20111 - MisterPool\" \/>\n<meta property=\"og:description\" content=\"Het PREMIUM POOL PRODUCT-gamma van Fiverco is onze meest kwalitatieve productlijn voor waterbehandeling en bevat de hoogste concentratie aan actieve stoffen, wat zorgt voor een snellere werking. Het product Multi-Tab is een multi-action chloortablet, ontworpen om het zwembadwater schoon en helder te houden. Deze tabletten van 200 gram zijn geformuleerd om bacteri\u00ebn en micro-organismen te [&hellip;]\" \/>\n<meta property=\"og:url\" content=\"https:\/\/misterpool.be\/nl\/producten\/pool-smart-multi%e2%80%91action-tablet-200-g\/\" \/>\n<meta property=\"og:site_name\" content=\"MisterPool\" \/>\n<meta property=\"article:modified_time\" content=\"2026-04-27T17:41:43+00:00\" \/>\n<meta property=\"og:image\" content=\"https:\/\/misterpool.be\/wp-content\/uploads\/2024\/02\/Multi_Recto.webp\" \/>\n\t<meta property=\"og:image:width\" content=\"1900\" \/>\n\t<meta property=\"og:image:height\" content=\"1425\" \/>\n\t<meta property=\"og:image:type\" content=\"image\/webp\" \/>\n<meta name=\"twitter:card\" content=\"summary_large_image\" \/>\n<meta name=\"twitter:label1\" content=\"Geschatte leestijd\" \/>\n\t<meta name=\"twitter:data1\" content=\"1 minuut\" \/>\n<script type=\"application\/ld+json\" class=\"yoast-schema-graph\">{\"@context\":\"https:\/\/schema.org\",\"@graph\":[{\"@type\":\"WebPage\",\"@id\":\"https:\/\/misterpool.be\/nl\/producten\/pool-smart-multi%e2%80%91action-tablet-200-g\/\",\"url\":\"https:\/\/misterpool.be\/nl\/producten\/pool-smart-multi%e2%80%91action-tablet-200-g\/\",\"name\":\"Multi\u2011Tab \u2013 5 kg \u2013 Multi\u2011Action Chloortabletten 5\u2011in\u20111 - MisterPool\",\"isPartOf\":{\"@id\":\"https:\/\/misterpool.be\/nl\/#website\"},\"primaryImageOfPage\":{\"@id\":\"https:\/\/misterpool.be\/nl\/producten\/pool-smart-multi%e2%80%91action-tablet-200-g\/#primaryimage\"},\"image\":{\"@id\":\"https:\/\/misterpool.be\/nl\/producten\/pool-smart-multi%e2%80%91action-tablet-200-g\/#primaryimage\"},\"thumbnailUrl\":\"https:\/\/misterpool.be\/wp-content\/uploads\/2024\/02\/Multi_Recto.webp\",\"datePublished\":\"2024-02-23T05:25:07+00:00\",\"dateModified\":\"2026-04-27T17:41:43+00:00\",\"breadcrumb\":{\"@id\":\"https:\/\/misterpool.be\/nl\/producten\/pool-smart-multi%e2%80%91action-tablet-200-g\/#breadcrumb\"},\"inLanguage\":\"nl-NL\",\"potentialAction\":[{\"@type\":\"ReadAction\",\"target\":[\"https:\/\/misterpool.be\/nl\/producten\/pool-smart-multi%e2%80%91action-tablet-200-g\/\"]}]},{\"@type\":\"ImageObject\",\"inLanguage\":\"nl-NL\",\"@id\":\"https:\/\/misterpool.be\/nl\/producten\/pool-smart-multi%e2%80%91action-tablet-200-g\/#primaryimage\",\"url\":\"https:\/\/misterpool.be\/wp-content\/uploads\/2024\/02\/Multi_Recto.webp\",\"contentUrl\":\"https:\/\/misterpool.be\/wp-content\/uploads\/2024\/02\/Multi_Recto.webp\",\"width\":1900,\"height\":1425},{\"@type\":\"BreadcrumbList\",\"@id\":\"https:\/\/misterpool.be\/nl\/producten\/pool-smart-multi%e2%80%91action-tablet-200-g\/#breadcrumb\",\"itemListElement\":[{\"@type\":\"ListItem\",\"position\":1,\"name\":\"Winkel\",\"item\":\"https:\/\/misterpool.be\/nl\/winkel\/\"},{\"@type\":\"ListItem\",\"position\":2,\"name\":\"Multi\u2011Tab \u2013 5 kg \u2013 Multi\u2011Action Chloortabletten 5\u2011in\u20111\"}]},{\"@type\":\"WebSite\",\"@id\":\"https:\/\/misterpool.be\/nl\/#website\",\"url\":\"https:\/\/misterpool.be\/nl\/\",\"name\":\"MisterPool\",\"description\":\"\",\"publisher\":{\"@id\":\"https:\/\/misterpool.be\/nl\/#organization\"},\"potentialAction\":[{\"@type\":\"SearchAction\",\"target\":{\"@type\":\"EntryPoint\",\"urlTemplate\":\"https:\/\/misterpool.be\/nl\/?s={search_term_string}\"},\"query-input\":{\"@type\":\"PropertyValueSpecification\",\"valueRequired\":true,\"valueName\":\"search_term_string\"}}],\"inLanguage\":\"nl-NL\"},{\"@type\":\"Organization\",\"@id\":\"https:\/\/misterpool.be\/nl\/#organization\",\"name\":\"MisterPool\",\"url\":\"https:\/\/misterpool.be\/nl\/\",\"logo\":{\"@type\":\"ImageObject\",\"inLanguage\":\"nl-NL\",\"@id\":\"https:\/\/misterpool.be\/nl\/#\/schema\/logo\/image\/\",\"url\":\"https:\/\/misterpool.be\/wp-content\/uploads\/2023\/02\/logo.svg\",\"contentUrl\":\"https:\/\/misterpool.be\/wp-content\/uploads\/2023\/02\/logo.svg\",\"width\":154,\"height\":140,\"caption\":\"MisterPool\"},\"image\":{\"@id\":\"https:\/\/misterpool.be\/nl\/#\/schema\/logo\/image\/\"}}]}<\/script>\n<!-- \/ Yoast SEO plugin. -->","yoast_head_json":{"title":"Multi\u2011Tab \u2013 5 kg \u2013 Multi\u2011Action Chloortabletten 5\u2011in\u20111 - MisterPool","robots":{"index":"index","follow":"follow","max-snippet":"max-snippet:-1","max-image-preview":"max-image-preview:large","max-video-preview":"max-video-preview:-1"},"canonical":"https:\/\/misterpool.be\/nl\/producten\/pool-smart-multi%e2%80%91action-tablet-200-g\/","og_locale":"nl_NL","og_type":"article","og_title":"Multi\u2011Tab \u2013 5 kg \u2013 Multi\u2011Action Chloortabletten 5\u2011in\u20111 - MisterPool","og_description":"Het PREMIUM POOL PRODUCT-gamma van Fiverco is onze meest kwalitatieve productlijn voor waterbehandeling en bevat de hoogste concentratie aan actieve stoffen, wat zorgt voor een snellere werking. Het product Multi-Tab is een multi-action chloortablet, ontworpen om het zwembadwater schoon en helder te houden. Deze tabletten van 200 gram zijn geformuleerd om bacteri\u00ebn en micro-organismen te [&hellip;]","og_url":"https:\/\/misterpool.be\/nl\/producten\/pool-smart-multi%e2%80%91action-tablet-200-g\/","og_site_name":"MisterPool","article_modified_time":"2026-04-27T17:41:43+00:00","og_image":[{"width":1900,"height":1425,"url":"https:\/\/misterpool.be\/wp-content\/uploads\/2024\/02\/Multi_Recto.webp","type":"image\/webp"}],"twitter_card":"summary_large_image","twitter_misc":{"Geschatte leestijd":"1 minuut"},"schema":{"@context":"https:\/\/schema.org","@graph":[{"@type":"WebPage","@id":"https:\/\/misterpool.be\/nl\/producten\/pool-smart-multi%e2%80%91action-tablet-200-g\/","url":"https:\/\/misterpool.be\/nl\/producten\/pool-smart-multi%e2%80%91action-tablet-200-g\/","name":"Multi\u2011Tab \u2013 5 kg \u2013 Multi\u2011Action Chloortabletten 5\u2011in\u20111 - MisterPool","isPartOf":{"@id":"https:\/\/misterpool.be\/nl\/#website"},"primaryImageOfPage":{"@id":"https:\/\/misterpool.be\/nl\/producten\/pool-smart-multi%e2%80%91action-tablet-200-g\/#primaryimage"},"image":{"@id":"https:\/\/misterpool.be\/nl\/producten\/pool-smart-multi%e2%80%91action-tablet-200-g\/#primaryimage"},"thumbnailUrl":"https:\/\/misterpool.be\/wp-content\/uploads\/2024\/02\/Multi_Recto.webp","datePublished":"2024-02-23T05:25:07+00:00","dateModified":"2026-04-27T17:41:43+00:00","breadcrumb":{"@id":"https:\/\/misterpool.be\/nl\/producten\/pool-smart-multi%e2%80%91action-tablet-200-g\/#breadcrumb"},"inLanguage":"nl-NL","potentialAction":[{"@type":"ReadAction","target":["https:\/\/misterpool.be\/nl\/producten\/pool-smart-multi%e2%80%91action-tablet-200-g\/"]}]},{"@type":"ImageObject","inLanguage":"nl-NL","@id":"https:\/\/misterpool.be\/nl\/producten\/pool-smart-multi%e2%80%91action-tablet-200-g\/#primaryimage","url":"https:\/\/misterpool.be\/wp-content\/uploads\/2024\/02\/Multi_Recto.webp","contentUrl":"https:\/\/misterpool.be\/wp-content\/uploads\/2024\/02\/Multi_Recto.webp","width":1900,"height":1425},{"@type":"BreadcrumbList","@id":"https:\/\/misterpool.be\/nl\/producten\/pool-smart-multi%e2%80%91action-tablet-200-g\/#breadcrumb","itemListElement":[{"@type":"ListItem","position":1,"name":"Winkel","item":"https:\/\/misterpool.be\/nl\/winkel\/"},{"@type":"ListItem","position":2,"name":"Multi\u2011Tab \u2013 5 kg \u2013 Multi\u2011Action Chloortabletten 5\u2011in\u20111"}]},{"@type":"WebSite","@id":"https:\/\/misterpool.be\/nl\/#website","url":"https:\/\/misterpool.be\/nl\/","name":"MisterPool","description":"","publisher":{"@id":"https:\/\/misterpool.be\/nl\/#organization"},"potentialAction":[{"@type":"SearchAction","target":{"@type":"EntryPoint","urlTemplate":"https:\/\/misterpool.be\/nl\/?s={search_term_string}"},"query-input":{"@type":"PropertyValueSpecification","valueRequired":true,"valueName":"search_term_string"}}],"inLanguage":"nl-NL"},{"@type":"Organization","@id":"https:\/\/misterpool.be\/nl\/#organization","name":"MisterPool","url":"https:\/\/misterpool.be\/nl\/","logo":{"@type":"ImageObject","inLanguage":"nl-NL","@id":"https:\/\/misterpool.be\/nl\/#\/schema\/logo\/image\/","url":"https:\/\/misterpool.be\/wp-content\/uploads\/2023\/02\/logo.svg","contentUrl":"https:\/\/misterpool.be\/wp-content\/uploads\/2023\/02\/logo.svg","width":154,"height":140,"caption":"MisterPool"},"image":{"@id":"https:\/\/misterpool.be\/nl\/#\/schema\/logo\/image\/"}}]}},"_links":{"self":[{"href":"https:\/\/misterpool.be\/nl\/wp-json\/wp\/v2\/product\/4497","targetHints":{"allow":["GET"]}}],"collection":[{"href":"https:\/\/misterpool.be\/nl\/wp-json\/wp\/v2\/product"}],"about":[{"href":"https:\/\/misterpool.be\/nl\/wp-json\/wp\/v2\/types\/product"}],"replies":[{"embeddable":true,"href":"https:\/\/misterpool.be\/nl\/wp-json\/wp\/v2\/comments?post=4497"}],"wp:featuredmedia":[{"embeddable":true,"href":"https:\/\/misterpool.be\/nl\/wp-json\/wp\/v2\/media\/4500"}],"wp:attachment":[{"href":"https:\/\/misterpool.be\/nl\/wp-json\/wp\/v2\/media?parent=4497"}],"wp:term":[{"taxonomy":"thematique","embeddable":true,"href":"https:\/\/misterpool.be\/nl\/wp-json\/wp\/v2\/thematique?post=4497"},{"taxonomy":"product_cat","embeddable":true,"href":"https:\/\/misterpool.be\/nl\/wp-json\/wp\/v2\/product_cat?post=4497"},{"taxonomy":"product_brand","embeddable":true,"href":"https:\/\/misterpool.be\/nl\/wp-json\/wp\/v2\/product_brand?post=4497"},{"taxonomy":"product_tag","embeddable":true,"href":"https:\/\/misterpool.be\/nl\/wp-json\/wp\/v2\/product_tag?post=4497"}],"curies":[{"name":"wp","href":"https:\/\/api.w.org\/{rel}","templated":true}]}}