{"id":4360,"date":"2024-02-22T12:20:11","date_gmt":"2024-02-22T11:20:11","guid":{"rendered":"https:\/\/misterpool.be\/produit\/sensual-025-l-huile-essentielle-3-aromes\/"},"modified":"2025-12-22T15:44:29","modified_gmt":"2025-12-22T14:44:29","slug":"sensual-025-l-huile-essentiele-olie-met-3-aromas","status":"publish","type":"product","link":"https:\/\/misterpool.be\/nl\/producten\/sensual-025-l-huile-essentiele-olie-met-3-aromas\/","title":{"rendered":"Sensual &#8211; 0,25 L &#8211; Essenti\u00eble olie met 3 aroma\u2019s"},"content":{"rendered":"<p data-start=\"83\" data-end=\"390\">Het geurwater van Spas4Ever is gebaseerd op essenti\u00eble oli\u00ebn voor aromatherapie. Het geurwater schuimt niet en heeft geen enkele invloed op het water in uw spa en vormt op geen enkele manier een gevaar voor het oppervlak of de onderdelen van uw spa. Het is daarom perfect geschikt voor gebruik in de spa.<\/p>\n<p data-start=\"392\" data-end=\"768\">Onze essenti\u00eble spa-oli\u00ebn zijn ideaal om de ontspannende werking van uw spa nog verder te versterken. De sensuele essenti\u00eble olie die wij aanbieden combineert de weldadige eigenschappen van lavendel met de kracht van munt en het exotische karakter van de ylang-ylangbloem, om u al hun voordelen te bieden in een aromatische noot die uw zintuigen ongetwijfeld zal prikkelen.<\/p>\n","protected":false},"excerpt":{"rendered":"<p>Het geurwater van Spas4Ever is gebaseerd op essenti\u00eble oli\u00ebn voor aromatherapie. Het geurwater schuimt niet en heeft geen enkele invloed op het water in uw spa en vormt op geen enkele manier een gevaar voor het oppervlak of de onderdelen van uw spa. Het is daarom perfect geschikt voor gebruik in de spa. Onze essenti\u00eble [&hellip;]<\/p>\n","protected":false},"featured_media":4361,"comment_status":"open","ping_status":"closed","template":"","meta":{"_acf_changed":false},"thematique":[245],"product_cat":[315,314,308],"product_brand":[],"product_tag":[],"class_list":{"0":"post-4360","1":"product","2":"type-product","3":"status-publish","4":"has-post-thumbnail","6":"thematique-chemie-in-volle-glorie","7":"product_cat-aromatherapie","8":"product_cat-essentiele-olien","9":"product_cat-spa-producten","10":"product_shipping_class-bpost","12":"first","13":"instock","14":"taxable","15":"shipping-taxable","16":"purchasable","17":"product-type-simple"},"acf":[],"yoast_head":"<!-- This site is optimized with the Yoast SEO plugin v27.2 - https:\/\/yoast.com\/product\/yoast-seo-wordpress\/ -->\n<title>Sensual - 0,25 L - Essenti\u00eble olie met 3 aroma\u2019s - MisterPool<\/title>\n<meta name=\"robots\" content=\"index, follow, max-snippet:-1, max-image-preview:large, max-video-preview:-1\" \/>\n<link rel=\"canonical\" href=\"https:\/\/misterpool.be\/nl\/producten\/sensual-025-l-huile-essentiele-olie-met-3-aromas\/\" \/>\n<meta property=\"og:locale\" content=\"nl_NL\" \/>\n<meta property=\"og:type\" content=\"article\" \/>\n<meta property=\"og:title\" content=\"Sensual - 0,25 L - Essenti\u00eble olie met 3 aroma\u2019s - MisterPool\" \/>\n<meta property=\"og:description\" content=\"Het geurwater van Spas4Ever is gebaseerd op essenti\u00eble oli\u00ebn voor aromatherapie. Het geurwater schuimt niet en heeft geen enkele invloed op het water in uw spa en vormt op geen enkele manier een gevaar voor het oppervlak of de onderdelen van uw spa. Het is daarom perfect geschikt voor gebruik in de spa. Onze essenti\u00eble [&hellip;]\" \/>\n<meta property=\"og:url\" content=\"https:\/\/misterpool.be\/nl\/producten\/sensual-025-l-huile-essentiele-olie-met-3-aromas\/\" \/>\n<meta property=\"og:site_name\" content=\"MisterPool\" \/>\n<meta property=\"article:modified_time\" content=\"2025-12-22T14:44:29+00:00\" \/>\n<meta property=\"og:image\" content=\"https:\/\/misterpool.be\/wp-content\/uploads\/2024\/02\/Rose-05.webp\" \/>\n\t<meta property=\"og:image:width\" content=\"800\" \/>\n\t<meta property=\"og:image:height\" content=\"600\" \/>\n\t<meta property=\"og:image:type\" content=\"image\/webp\" \/>\n<meta name=\"twitter:card\" content=\"summary_large_image\" \/>\n<meta name=\"twitter:label1\" content=\"Geschatte leestijd\" \/>\n\t<meta name=\"twitter:data1\" content=\"1 minuut\" \/>\n<script type=\"application\/ld+json\" class=\"yoast-schema-graph\">{\"@context\":\"https:\/\/schema.org\",\"@graph\":[{\"@type\":\"WebPage\",\"@id\":\"https:\/\/misterpool.be\/nl\/producten\/sensual-025-l-huile-essentiele-olie-met-3-aromas\/\",\"url\":\"https:\/\/misterpool.be\/nl\/producten\/sensual-025-l-huile-essentiele-olie-met-3-aromas\/\",\"name\":\"Sensual - 0,25 L - Essenti\u00eble olie met 3 aroma\u2019s - MisterPool\",\"isPartOf\":{\"@id\":\"https:\/\/misterpool.be\/nl\/#website\"},\"primaryImageOfPage\":{\"@id\":\"https:\/\/misterpool.be\/nl\/producten\/sensual-025-l-huile-essentiele-olie-met-3-aromas\/#primaryimage\"},\"image\":{\"@id\":\"https:\/\/misterpool.be\/nl\/producten\/sensual-025-l-huile-essentiele-olie-met-3-aromas\/#primaryimage\"},\"thumbnailUrl\":\"https:\/\/misterpool.be\/wp-content\/uploads\/2024\/02\/Rose-05.webp\",\"datePublished\":\"2024-02-22T11:20:11+00:00\",\"dateModified\":\"2025-12-22T14:44:29+00:00\",\"breadcrumb\":{\"@id\":\"https:\/\/misterpool.be\/nl\/producten\/sensual-025-l-huile-essentiele-olie-met-3-aromas\/#breadcrumb\"},\"inLanguage\":\"nl-NL\",\"potentialAction\":[{\"@type\":\"ReadAction\",\"target\":[\"https:\/\/misterpool.be\/nl\/producten\/sensual-025-l-huile-essentiele-olie-met-3-aromas\/\"]}]},{\"@type\":\"ImageObject\",\"inLanguage\":\"nl-NL\",\"@id\":\"https:\/\/misterpool.be\/nl\/producten\/sensual-025-l-huile-essentiele-olie-met-3-aromas\/#primaryimage\",\"url\":\"https:\/\/misterpool.be\/wp-content\/uploads\/2024\/02\/Rose-05.webp\",\"contentUrl\":\"https:\/\/misterpool.be\/wp-content\/uploads\/2024\/02\/Rose-05.webp\",\"width\":800,\"height\":600},{\"@type\":\"BreadcrumbList\",\"@id\":\"https:\/\/misterpool.be\/nl\/producten\/sensual-025-l-huile-essentiele-olie-met-3-aromas\/#breadcrumb\",\"itemListElement\":[{\"@type\":\"ListItem\",\"position\":1,\"name\":\"Winkel\",\"item\":\"https:\/\/misterpool.be\/nl\/winkel\/\"},{\"@type\":\"ListItem\",\"position\":2,\"name\":\"Sensual &#8211; 0,25 L &#8211; Essenti\u00eble olie met 3 aroma\u2019s\"}]},{\"@type\":\"WebSite\",\"@id\":\"https:\/\/misterpool.be\/nl\/#website\",\"url\":\"https:\/\/misterpool.be\/nl\/\",\"name\":\"MisterPool\",\"description\":\"\",\"publisher\":{\"@id\":\"https:\/\/misterpool.be\/nl\/#organization\"},\"potentialAction\":[{\"@type\":\"SearchAction\",\"target\":{\"@type\":\"EntryPoint\",\"urlTemplate\":\"https:\/\/misterpool.be\/nl\/?s={search_term_string}\"},\"query-input\":{\"@type\":\"PropertyValueSpecification\",\"valueRequired\":true,\"valueName\":\"search_term_string\"}}],\"inLanguage\":\"nl-NL\"},{\"@type\":\"Organization\",\"@id\":\"https:\/\/misterpool.be\/nl\/#organization\",\"name\":\"MisterPool\",\"url\":\"https:\/\/misterpool.be\/nl\/\",\"logo\":{\"@type\":\"ImageObject\",\"inLanguage\":\"nl-NL\",\"@id\":\"https:\/\/misterpool.be\/nl\/#\/schema\/logo\/image\/\",\"url\":\"https:\/\/misterpool.be\/wp-content\/uploads\/2023\/02\/logo.svg\",\"contentUrl\":\"https:\/\/misterpool.be\/wp-content\/uploads\/2023\/02\/logo.svg\",\"width\":154,\"height\":140,\"caption\":\"MisterPool\"},\"image\":{\"@id\":\"https:\/\/misterpool.be\/nl\/#\/schema\/logo\/image\/\"}}]}<\/script>\n<!-- \/ Yoast SEO plugin. -->","yoast_head_json":{"title":"Sensual - 0,25 L - Essenti\u00eble olie met 3 aroma\u2019s - MisterPool","robots":{"index":"index","follow":"follow","max-snippet":"max-snippet:-1","max-image-preview":"max-image-preview:large","max-video-preview":"max-video-preview:-1"},"canonical":"https:\/\/misterpool.be\/nl\/producten\/sensual-025-l-huile-essentiele-olie-met-3-aromas\/","og_locale":"nl_NL","og_type":"article","og_title":"Sensual - 0,25 L - Essenti\u00eble olie met 3 aroma\u2019s - MisterPool","og_description":"Het geurwater van Spas4Ever is gebaseerd op essenti\u00eble oli\u00ebn voor aromatherapie. Het geurwater schuimt niet en heeft geen enkele invloed op het water in uw spa en vormt op geen enkele manier een gevaar voor het oppervlak of de onderdelen van uw spa. Het is daarom perfect geschikt voor gebruik in de spa. Onze essenti\u00eble [&hellip;]","og_url":"https:\/\/misterpool.be\/nl\/producten\/sensual-025-l-huile-essentiele-olie-met-3-aromas\/","og_site_name":"MisterPool","article_modified_time":"2025-12-22T14:44:29+00:00","og_image":[{"width":800,"height":600,"url":"https:\/\/misterpool.be\/wp-content\/uploads\/2024\/02\/Rose-05.webp","type":"image\/webp"}],"twitter_card":"summary_large_image","twitter_misc":{"Geschatte leestijd":"1 minuut"},"schema":{"@context":"https:\/\/schema.org","@graph":[{"@type":"WebPage","@id":"https:\/\/misterpool.be\/nl\/producten\/sensual-025-l-huile-essentiele-olie-met-3-aromas\/","url":"https:\/\/misterpool.be\/nl\/producten\/sensual-025-l-huile-essentiele-olie-met-3-aromas\/","name":"Sensual - 0,25 L - Essenti\u00eble olie met 3 aroma\u2019s - MisterPool","isPartOf":{"@id":"https:\/\/misterpool.be\/nl\/#website"},"primaryImageOfPage":{"@id":"https:\/\/misterpool.be\/nl\/producten\/sensual-025-l-huile-essentiele-olie-met-3-aromas\/#primaryimage"},"image":{"@id":"https:\/\/misterpool.be\/nl\/producten\/sensual-025-l-huile-essentiele-olie-met-3-aromas\/#primaryimage"},"thumbnailUrl":"https:\/\/misterpool.be\/wp-content\/uploads\/2024\/02\/Rose-05.webp","datePublished":"2024-02-22T11:20:11+00:00","dateModified":"2025-12-22T14:44:29+00:00","breadcrumb":{"@id":"https:\/\/misterpool.be\/nl\/producten\/sensual-025-l-huile-essentiele-olie-met-3-aromas\/#breadcrumb"},"inLanguage":"nl-NL","potentialAction":[{"@type":"ReadAction","target":["https:\/\/misterpool.be\/nl\/producten\/sensual-025-l-huile-essentiele-olie-met-3-aromas\/"]}]},{"@type":"ImageObject","inLanguage":"nl-NL","@id":"https:\/\/misterpool.be\/nl\/producten\/sensual-025-l-huile-essentiele-olie-met-3-aromas\/#primaryimage","url":"https:\/\/misterpool.be\/wp-content\/uploads\/2024\/02\/Rose-05.webp","contentUrl":"https:\/\/misterpool.be\/wp-content\/uploads\/2024\/02\/Rose-05.webp","width":800,"height":600},{"@type":"BreadcrumbList","@id":"https:\/\/misterpool.be\/nl\/producten\/sensual-025-l-huile-essentiele-olie-met-3-aromas\/#breadcrumb","itemListElement":[{"@type":"ListItem","position":1,"name":"Winkel","item":"https:\/\/misterpool.be\/nl\/winkel\/"},{"@type":"ListItem","position":2,"name":"Sensual &#8211; 0,25 L &#8211; Essenti\u00eble olie met 3 aroma\u2019s"}]},{"@type":"WebSite","@id":"https:\/\/misterpool.be\/nl\/#website","url":"https:\/\/misterpool.be\/nl\/","name":"MisterPool","description":"","publisher":{"@id":"https:\/\/misterpool.be\/nl\/#organization"},"potentialAction":[{"@type":"SearchAction","target":{"@type":"EntryPoint","urlTemplate":"https:\/\/misterpool.be\/nl\/?s={search_term_string}"},"query-input":{"@type":"PropertyValueSpecification","valueRequired":true,"valueName":"search_term_string"}}],"inLanguage":"nl-NL"},{"@type":"Organization","@id":"https:\/\/misterpool.be\/nl\/#organization","name":"MisterPool","url":"https:\/\/misterpool.be\/nl\/","logo":{"@type":"ImageObject","inLanguage":"nl-NL","@id":"https:\/\/misterpool.be\/nl\/#\/schema\/logo\/image\/","url":"https:\/\/misterpool.be\/wp-content\/uploads\/2023\/02\/logo.svg","contentUrl":"https:\/\/misterpool.be\/wp-content\/uploads\/2023\/02\/logo.svg","width":154,"height":140,"caption":"MisterPool"},"image":{"@id":"https:\/\/misterpool.be\/nl\/#\/schema\/logo\/image\/"}}]}},"_links":{"self":[{"href":"https:\/\/misterpool.be\/nl\/wp-json\/wp\/v2\/product\/4360","targetHints":{"allow":["GET"]}}],"collection":[{"href":"https:\/\/misterpool.be\/nl\/wp-json\/wp\/v2\/product"}],"about":[{"href":"https:\/\/misterpool.be\/nl\/wp-json\/wp\/v2\/types\/product"}],"replies":[{"embeddable":true,"href":"https:\/\/misterpool.be\/nl\/wp-json\/wp\/v2\/comments?post=4360"}],"wp:featuredmedia":[{"embeddable":true,"href":"https:\/\/misterpool.be\/nl\/wp-json\/wp\/v2\/media\/4361"}],"wp:attachment":[{"href":"https:\/\/misterpool.be\/nl\/wp-json\/wp\/v2\/media?parent=4360"}],"wp:term":[{"taxonomy":"thematique","embeddable":true,"href":"https:\/\/misterpool.be\/nl\/wp-json\/wp\/v2\/thematique?post=4360"},{"taxonomy":"product_cat","embeddable":true,"href":"https:\/\/misterpool.be\/nl\/wp-json\/wp\/v2\/product_cat?post=4360"},{"taxonomy":"product_brand","embeddable":true,"href":"https:\/\/misterpool.be\/nl\/wp-json\/wp\/v2\/product_brand?post=4360"},{"taxonomy":"product_tag","embeddable":true,"href":"https:\/\/misterpool.be\/nl\/wp-json\/wp\/v2\/product_tag?post=4360"}],"curies":[{"name":"wp","href":"https:\/\/api.w.org\/{rel}","templated":true}]}}