{"id":4320,"date":"2024-02-22T11:49:34","date_gmt":"2024-02-22T10:49:34","guid":{"rendered":"https:\/\/misterpool.be\/produit\/pine-025-l-huile-essentielle-pin\/"},"modified":"2025-12-22T15:21:25","modified_gmt":"2025-12-22T14:21:25","slug":"pine-025-l-huile-essentiele-dennenolie","status":"publish","type":"product","link":"https:\/\/misterpool.be\/nl\/producten\/pine-025-l-huile-essentiele-dennenolie\/","title":{"rendered":"Pine &#8211; 0,25 L &#8211; Essenti\u00eble dennenolie"},"content":{"rendered":"<p data-start=\"77\" data-end=\"384\">Het geurwater van Spas4Ever is gebaseerd op essenti\u00eble oli\u00ebn voor aromatherapie. Het geurwater schuimt niet en heeft geen enkele invloed op het water in uw spa en vormt op geen enkele manier een gevaar voor het oppervlak of de onderdelen van uw spa. Het is daarom perfect geschikt voor gebruik in de spa.<\/p>\n<p data-start=\"386\" data-end=\"940\">Essenti\u00eble dennenolie biedt tal van voordelen voor het lichaam. Ze bevat veel essenti\u00eble vetzuren, vitamine E, antioxidanten, fenolen, fytosterolen en een zeer hoge hoeveelheid onverzadigde vetzuren. Deze bestanddelen dragen bij aan de ondersteuning van het immuunsysteem, het behoud van de huid, het algemene welzijn en de ontstekingsremmende werking. Essenti\u00eble dennenolie verhoogt zo de lichaamsimmuniteit en draagt bij aan een algemeen gevoel van rust. Deze essenti\u00eble spa-olie is dan ook ideaal om uw ontspanningsmomenten in de spa te begeleiden.<\/p>\n","protected":false},"excerpt":{"rendered":"<p>Het geurwater van Spas4Ever is gebaseerd op essenti\u00eble oli\u00ebn voor aromatherapie. Het geurwater schuimt niet en heeft geen enkele invloed op het water in uw spa en vormt op geen enkele manier een gevaar voor het oppervlak of de onderdelen van uw spa. Het is daarom perfect geschikt voor gebruik in de spa. Essenti\u00eble dennenolie [&hellip;]<\/p>\n","protected":false},"featured_media":4321,"comment_status":"open","ping_status":"closed","template":"","meta":{"_acf_changed":false},"thematique":[245],"product_cat":[315,314,308],"product_brand":[],"product_tag":[],"class_list":{"0":"post-4320","1":"product","2":"type-product","3":"status-publish","4":"has-post-thumbnail","6":"thematique-chemie-in-volle-glorie","7":"product_cat-aromatherapie","8":"product_cat-essentiele-olien","9":"product_cat-spa-producten","10":"product_shipping_class-bpost","12":"first","13":"instock","14":"taxable","15":"shipping-taxable","16":"purchasable","17":"product-type-simple"},"acf":[],"yoast_head":"<!-- This site is optimized with the Yoast SEO plugin v27.2 - https:\/\/yoast.com\/product\/yoast-seo-wordpress\/ -->\n<title>Pine - 0,25 L - Essenti\u00eble dennenolie - MisterPool<\/title>\n<meta name=\"robots\" content=\"index, follow, max-snippet:-1, max-image-preview:large, max-video-preview:-1\" \/>\n<link rel=\"canonical\" href=\"https:\/\/misterpool.be\/nl\/producten\/pine-025-l-huile-essentiele-dennenolie\/\" \/>\n<meta property=\"og:locale\" content=\"nl_NL\" \/>\n<meta property=\"og:type\" content=\"article\" \/>\n<meta property=\"og:title\" content=\"Pine - 0,25 L - Essenti\u00eble dennenolie - MisterPool\" \/>\n<meta property=\"og:description\" content=\"Het geurwater van Spas4Ever is gebaseerd op essenti\u00eble oli\u00ebn voor aromatherapie. Het geurwater schuimt niet en heeft geen enkele invloed op het water in uw spa en vormt op geen enkele manier een gevaar voor het oppervlak of de onderdelen van uw spa. Het is daarom perfect geschikt voor gebruik in de spa. Essenti\u00eble dennenolie [&hellip;]\" \/>\n<meta property=\"og:url\" content=\"https:\/\/misterpool.be\/nl\/producten\/pine-025-l-huile-essentiele-dennenolie\/\" \/>\n<meta property=\"og:site_name\" content=\"MisterPool\" \/>\n<meta property=\"article:modified_time\" content=\"2025-12-22T14:21:25+00:00\" \/>\n<meta property=\"og:image\" content=\"https:\/\/misterpool.be\/wp-content\/uploads\/2024\/02\/Rose-03.webp\" \/>\n\t<meta property=\"og:image:width\" content=\"800\" \/>\n\t<meta property=\"og:image:height\" content=\"600\" \/>\n\t<meta property=\"og:image:type\" content=\"image\/webp\" \/>\n<meta name=\"twitter:card\" content=\"summary_large_image\" \/>\n<meta name=\"twitter:label1\" content=\"Geschatte leestijd\" \/>\n\t<meta name=\"twitter:data1\" content=\"1 minuut\" \/>\n<script type=\"application\/ld+json\" class=\"yoast-schema-graph\">{\"@context\":\"https:\/\/schema.org\",\"@graph\":[{\"@type\":\"WebPage\",\"@id\":\"https:\/\/misterpool.be\/nl\/producten\/pine-025-l-huile-essentiele-dennenolie\/\",\"url\":\"https:\/\/misterpool.be\/nl\/producten\/pine-025-l-huile-essentiele-dennenolie\/\",\"name\":\"Pine - 0,25 L - Essenti\u00eble dennenolie - MisterPool\",\"isPartOf\":{\"@id\":\"https:\/\/misterpool.be\/nl\/#website\"},\"primaryImageOfPage\":{\"@id\":\"https:\/\/misterpool.be\/nl\/producten\/pine-025-l-huile-essentiele-dennenolie\/#primaryimage\"},\"image\":{\"@id\":\"https:\/\/misterpool.be\/nl\/producten\/pine-025-l-huile-essentiele-dennenolie\/#primaryimage\"},\"thumbnailUrl\":\"https:\/\/misterpool.be\/wp-content\/uploads\/2024\/02\/Rose-03.webp\",\"datePublished\":\"2024-02-22T10:49:34+00:00\",\"dateModified\":\"2025-12-22T14:21:25+00:00\",\"breadcrumb\":{\"@id\":\"https:\/\/misterpool.be\/nl\/producten\/pine-025-l-huile-essentiele-dennenolie\/#breadcrumb\"},\"inLanguage\":\"nl-NL\",\"potentialAction\":[{\"@type\":\"ReadAction\",\"target\":[\"https:\/\/misterpool.be\/nl\/producten\/pine-025-l-huile-essentiele-dennenolie\/\"]}]},{\"@type\":\"ImageObject\",\"inLanguage\":\"nl-NL\",\"@id\":\"https:\/\/misterpool.be\/nl\/producten\/pine-025-l-huile-essentiele-dennenolie\/#primaryimage\",\"url\":\"https:\/\/misterpool.be\/wp-content\/uploads\/2024\/02\/Rose-03.webp\",\"contentUrl\":\"https:\/\/misterpool.be\/wp-content\/uploads\/2024\/02\/Rose-03.webp\",\"width\":800,\"height\":600},{\"@type\":\"BreadcrumbList\",\"@id\":\"https:\/\/misterpool.be\/nl\/producten\/pine-025-l-huile-essentiele-dennenolie\/#breadcrumb\",\"itemListElement\":[{\"@type\":\"ListItem\",\"position\":1,\"name\":\"Winkel\",\"item\":\"https:\/\/misterpool.be\/nl\/winkel\/\"},{\"@type\":\"ListItem\",\"position\":2,\"name\":\"Pine &#8211; 0,25 L &#8211; Essenti\u00eble dennenolie\"}]},{\"@type\":\"WebSite\",\"@id\":\"https:\/\/misterpool.be\/nl\/#website\",\"url\":\"https:\/\/misterpool.be\/nl\/\",\"name\":\"MisterPool\",\"description\":\"\",\"publisher\":{\"@id\":\"https:\/\/misterpool.be\/nl\/#organization\"},\"potentialAction\":[{\"@type\":\"SearchAction\",\"target\":{\"@type\":\"EntryPoint\",\"urlTemplate\":\"https:\/\/misterpool.be\/nl\/?s={search_term_string}\"},\"query-input\":{\"@type\":\"PropertyValueSpecification\",\"valueRequired\":true,\"valueName\":\"search_term_string\"}}],\"inLanguage\":\"nl-NL\"},{\"@type\":\"Organization\",\"@id\":\"https:\/\/misterpool.be\/nl\/#organization\",\"name\":\"MisterPool\",\"url\":\"https:\/\/misterpool.be\/nl\/\",\"logo\":{\"@type\":\"ImageObject\",\"inLanguage\":\"nl-NL\",\"@id\":\"https:\/\/misterpool.be\/nl\/#\/schema\/logo\/image\/\",\"url\":\"https:\/\/misterpool.be\/wp-content\/uploads\/2023\/02\/logo.svg\",\"contentUrl\":\"https:\/\/misterpool.be\/wp-content\/uploads\/2023\/02\/logo.svg\",\"width\":154,\"height\":140,\"caption\":\"MisterPool\"},\"image\":{\"@id\":\"https:\/\/misterpool.be\/nl\/#\/schema\/logo\/image\/\"}}]}<\/script>\n<!-- \/ Yoast SEO plugin. -->","yoast_head_json":{"title":"Pine - 0,25 L - Essenti\u00eble dennenolie - MisterPool","robots":{"index":"index","follow":"follow","max-snippet":"max-snippet:-1","max-image-preview":"max-image-preview:large","max-video-preview":"max-video-preview:-1"},"canonical":"https:\/\/misterpool.be\/nl\/producten\/pine-025-l-huile-essentiele-dennenolie\/","og_locale":"nl_NL","og_type":"article","og_title":"Pine - 0,25 L - Essenti\u00eble dennenolie - MisterPool","og_description":"Het geurwater van Spas4Ever is gebaseerd op essenti\u00eble oli\u00ebn voor aromatherapie. Het geurwater schuimt niet en heeft geen enkele invloed op het water in uw spa en vormt op geen enkele manier een gevaar voor het oppervlak of de onderdelen van uw spa. Het is daarom perfect geschikt voor gebruik in de spa. Essenti\u00eble dennenolie [&hellip;]","og_url":"https:\/\/misterpool.be\/nl\/producten\/pine-025-l-huile-essentiele-dennenolie\/","og_site_name":"MisterPool","article_modified_time":"2025-12-22T14:21:25+00:00","og_image":[{"width":800,"height":600,"url":"https:\/\/misterpool.be\/wp-content\/uploads\/2024\/02\/Rose-03.webp","type":"image\/webp"}],"twitter_card":"summary_large_image","twitter_misc":{"Geschatte leestijd":"1 minuut"},"schema":{"@context":"https:\/\/schema.org","@graph":[{"@type":"WebPage","@id":"https:\/\/misterpool.be\/nl\/producten\/pine-025-l-huile-essentiele-dennenolie\/","url":"https:\/\/misterpool.be\/nl\/producten\/pine-025-l-huile-essentiele-dennenolie\/","name":"Pine - 0,25 L - Essenti\u00eble dennenolie - MisterPool","isPartOf":{"@id":"https:\/\/misterpool.be\/nl\/#website"},"primaryImageOfPage":{"@id":"https:\/\/misterpool.be\/nl\/producten\/pine-025-l-huile-essentiele-dennenolie\/#primaryimage"},"image":{"@id":"https:\/\/misterpool.be\/nl\/producten\/pine-025-l-huile-essentiele-dennenolie\/#primaryimage"},"thumbnailUrl":"https:\/\/misterpool.be\/wp-content\/uploads\/2024\/02\/Rose-03.webp","datePublished":"2024-02-22T10:49:34+00:00","dateModified":"2025-12-22T14:21:25+00:00","breadcrumb":{"@id":"https:\/\/misterpool.be\/nl\/producten\/pine-025-l-huile-essentiele-dennenolie\/#breadcrumb"},"inLanguage":"nl-NL","potentialAction":[{"@type":"ReadAction","target":["https:\/\/misterpool.be\/nl\/producten\/pine-025-l-huile-essentiele-dennenolie\/"]}]},{"@type":"ImageObject","inLanguage":"nl-NL","@id":"https:\/\/misterpool.be\/nl\/producten\/pine-025-l-huile-essentiele-dennenolie\/#primaryimage","url":"https:\/\/misterpool.be\/wp-content\/uploads\/2024\/02\/Rose-03.webp","contentUrl":"https:\/\/misterpool.be\/wp-content\/uploads\/2024\/02\/Rose-03.webp","width":800,"height":600},{"@type":"BreadcrumbList","@id":"https:\/\/misterpool.be\/nl\/producten\/pine-025-l-huile-essentiele-dennenolie\/#breadcrumb","itemListElement":[{"@type":"ListItem","position":1,"name":"Winkel","item":"https:\/\/misterpool.be\/nl\/winkel\/"},{"@type":"ListItem","position":2,"name":"Pine &#8211; 0,25 L &#8211; Essenti\u00eble dennenolie"}]},{"@type":"WebSite","@id":"https:\/\/misterpool.be\/nl\/#website","url":"https:\/\/misterpool.be\/nl\/","name":"MisterPool","description":"","publisher":{"@id":"https:\/\/misterpool.be\/nl\/#organization"},"potentialAction":[{"@type":"SearchAction","target":{"@type":"EntryPoint","urlTemplate":"https:\/\/misterpool.be\/nl\/?s={search_term_string}"},"query-input":{"@type":"PropertyValueSpecification","valueRequired":true,"valueName":"search_term_string"}}],"inLanguage":"nl-NL"},{"@type":"Organization","@id":"https:\/\/misterpool.be\/nl\/#organization","name":"MisterPool","url":"https:\/\/misterpool.be\/nl\/","logo":{"@type":"ImageObject","inLanguage":"nl-NL","@id":"https:\/\/misterpool.be\/nl\/#\/schema\/logo\/image\/","url":"https:\/\/misterpool.be\/wp-content\/uploads\/2023\/02\/logo.svg","contentUrl":"https:\/\/misterpool.be\/wp-content\/uploads\/2023\/02\/logo.svg","width":154,"height":140,"caption":"MisterPool"},"image":{"@id":"https:\/\/misterpool.be\/nl\/#\/schema\/logo\/image\/"}}]}},"_links":{"self":[{"href":"https:\/\/misterpool.be\/nl\/wp-json\/wp\/v2\/product\/4320","targetHints":{"allow":["GET"]}}],"collection":[{"href":"https:\/\/misterpool.be\/nl\/wp-json\/wp\/v2\/product"}],"about":[{"href":"https:\/\/misterpool.be\/nl\/wp-json\/wp\/v2\/types\/product"}],"replies":[{"embeddable":true,"href":"https:\/\/misterpool.be\/nl\/wp-json\/wp\/v2\/comments?post=4320"}],"wp:featuredmedia":[{"embeddable":true,"href":"https:\/\/misterpool.be\/nl\/wp-json\/wp\/v2\/media\/4321"}],"wp:attachment":[{"href":"https:\/\/misterpool.be\/nl\/wp-json\/wp\/v2\/media?parent=4320"}],"wp:term":[{"taxonomy":"thematique","embeddable":true,"href":"https:\/\/misterpool.be\/nl\/wp-json\/wp\/v2\/thematique?post=4320"},{"taxonomy":"product_cat","embeddable":true,"href":"https:\/\/misterpool.be\/nl\/wp-json\/wp\/v2\/product_cat?post=4320"},{"taxonomy":"product_brand","embeddable":true,"href":"https:\/\/misterpool.be\/nl\/wp-json\/wp\/v2\/product_brand?post=4320"},{"taxonomy":"product_tag","embeddable":true,"href":"https:\/\/misterpool.be\/nl\/wp-json\/wp\/v2\/product_tag?post=4320"}],"curies":[{"name":"wp","href":"https:\/\/api.w.org\/{rel}","templated":true}]}}