{"id":4313,"date":"2024-02-22T11:11:38","date_gmt":"2024-02-22T10:11:38","guid":{"rendered":"https:\/\/misterpool.be\/produit\/rosemary-025-l-huile-essentielle-eucalyptus\/"},"modified":"2026-01-09T11:10:24","modified_gmt":"2026-01-09T10:10:24","slug":"rosemary-025-l-huile-essentiele-eucalyptusolie","status":"publish","type":"product","link":"https:\/\/misterpool.be\/nl\/producten\/rosemary-025-l-huile-essentiele-eucalyptusolie\/","title":{"rendered":"Eucalyptus &#8211; 0,25 L &#8211; Essenti\u00eble eucalyptusolie"},"content":{"rendered":"<p data-start=\"38\" data-end=\"360\">Het geurwater van Spas4Ever is gebaseerd op essenti\u00eble oli\u00ebn voor aromatherapie. Het geurwater schuimt niet en heeft geen enkele invloed op het water in uw spa. Het vormt op geen enkele manier een gevaar voor het oppervlak van uw spa of voor de onderdelen ervan. Daardoor is het perfect geschikt voor gebruik in de spa.<\/p>\n<p data-start=\"362\" data-end=\"782\">Eucalyptus is een struik die oorspronkelijk uit Australi\u00eb komt, maar wordt ook gekweekt in subtropische gebieden en in het Middellandse Zeegebied. Er zijn meer dan 600 soorten bekend, waarvan er twee erkend zijn om hun verschillende geneeskrachtige eigenschappen. Ze worden al generaties lang gebruikt in verschillende beschavingen. Eucalyptus-essenti\u00eble olie wordt veel toegepast in aromatherapie, met name in spa\u2019s.<\/p>\n","protected":false},"excerpt":{"rendered":"<p>Het geurwater van Spas4Ever is gebaseerd op essenti\u00eble oli\u00ebn voor aromatherapie. Het geurwater schuimt niet en heeft geen enkele invloed op het water in uw spa. Het vormt op geen enkele manier een gevaar voor het oppervlak van uw spa of voor de onderdelen ervan. Daardoor is het perfect geschikt voor gebruik in de spa. [&hellip;]<\/p>\n","protected":false},"featured_media":4314,"comment_status":"open","ping_status":"closed","template":"","meta":{"_acf_changed":false},"thematique":[245],"product_cat":[315,314,308],"product_brand":[],"product_tag":[],"class_list":{"0":"post-4313","1":"product","2":"type-product","3":"status-publish","4":"has-post-thumbnail","6":"thematique-chemie-in-volle-glorie","7":"product_cat-aromatherapie","8":"product_cat-essentiele-olien","9":"product_cat-spa-producten","10":"product_shipping_class-bpost","12":"first","13":"instock","14":"taxable","15":"shipping-taxable","16":"purchasable","17":"product-type-simple"},"acf":[],"yoast_head":"<!-- This site is optimized with the Yoast SEO plugin v27.2 - https:\/\/yoast.com\/product\/yoast-seo-wordpress\/ -->\n<title>Eucalyptus - 0,25 L - Essenti\u00eble eucalyptusolie - MisterPool<\/title>\n<meta name=\"robots\" content=\"index, follow, max-snippet:-1, max-image-preview:large, max-video-preview:-1\" \/>\n<link rel=\"canonical\" href=\"https:\/\/misterpool.be\/nl\/producten\/rosemary-025-l-huile-essentiele-eucalyptusolie\/\" \/>\n<meta property=\"og:locale\" content=\"nl_NL\" \/>\n<meta property=\"og:type\" content=\"article\" \/>\n<meta property=\"og:title\" content=\"Eucalyptus - 0,25 L - Essenti\u00eble eucalyptusolie - MisterPool\" \/>\n<meta property=\"og:description\" content=\"Het geurwater van Spas4Ever is gebaseerd op essenti\u00eble oli\u00ebn voor aromatherapie. Het geurwater schuimt niet en heeft geen enkele invloed op het water in uw spa. Het vormt op geen enkele manier een gevaar voor het oppervlak van uw spa of voor de onderdelen ervan. Daardoor is het perfect geschikt voor gebruik in de spa. [&hellip;]\" \/>\n<meta property=\"og:url\" content=\"https:\/\/misterpool.be\/nl\/producten\/rosemary-025-l-huile-essentiele-eucalyptusolie\/\" \/>\n<meta property=\"og:site_name\" content=\"MisterPool\" \/>\n<meta property=\"article:modified_time\" content=\"2026-01-09T10:10:24+00:00\" \/>\n<meta property=\"og:image\" content=\"https:\/\/misterpool.be\/wp-content\/uploads\/2024\/02\/Rose-01.webp\" \/>\n\t<meta property=\"og:image:width\" content=\"800\" \/>\n\t<meta property=\"og:image:height\" content=\"600\" \/>\n\t<meta property=\"og:image:type\" content=\"image\/webp\" \/>\n<meta name=\"twitter:card\" content=\"summary_large_image\" \/>\n<meta name=\"twitter:label1\" content=\"Geschatte leestijd\" \/>\n\t<meta name=\"twitter:data1\" content=\"1 minuut\" \/>\n<script type=\"application\/ld+json\" class=\"yoast-schema-graph\">{\"@context\":\"https:\/\/schema.org\",\"@graph\":[{\"@type\":\"WebPage\",\"@id\":\"https:\/\/misterpool.be\/nl\/producten\/rosemary-025-l-huile-essentiele-eucalyptusolie\/\",\"url\":\"https:\/\/misterpool.be\/nl\/producten\/rosemary-025-l-huile-essentiele-eucalyptusolie\/\",\"name\":\"Eucalyptus - 0,25 L - Essenti\u00eble eucalyptusolie - MisterPool\",\"isPartOf\":{\"@id\":\"https:\/\/misterpool.be\/nl\/#website\"},\"primaryImageOfPage\":{\"@id\":\"https:\/\/misterpool.be\/nl\/producten\/rosemary-025-l-huile-essentiele-eucalyptusolie\/#primaryimage\"},\"image\":{\"@id\":\"https:\/\/misterpool.be\/nl\/producten\/rosemary-025-l-huile-essentiele-eucalyptusolie\/#primaryimage\"},\"thumbnailUrl\":\"https:\/\/misterpool.be\/wp-content\/uploads\/2024\/02\/Rose-01.webp\",\"datePublished\":\"2024-02-22T10:11:38+00:00\",\"dateModified\":\"2026-01-09T10:10:24+00:00\",\"breadcrumb\":{\"@id\":\"https:\/\/misterpool.be\/nl\/producten\/rosemary-025-l-huile-essentiele-eucalyptusolie\/#breadcrumb\"},\"inLanguage\":\"nl-NL\",\"potentialAction\":[{\"@type\":\"ReadAction\",\"target\":[\"https:\/\/misterpool.be\/nl\/producten\/rosemary-025-l-huile-essentiele-eucalyptusolie\/\"]}]},{\"@type\":\"ImageObject\",\"inLanguage\":\"nl-NL\",\"@id\":\"https:\/\/misterpool.be\/nl\/producten\/rosemary-025-l-huile-essentiele-eucalyptusolie\/#primaryimage\",\"url\":\"https:\/\/misterpool.be\/wp-content\/uploads\/2024\/02\/Rose-01.webp\",\"contentUrl\":\"https:\/\/misterpool.be\/wp-content\/uploads\/2024\/02\/Rose-01.webp\",\"width\":800,\"height\":600},{\"@type\":\"BreadcrumbList\",\"@id\":\"https:\/\/misterpool.be\/nl\/producten\/rosemary-025-l-huile-essentiele-eucalyptusolie\/#breadcrumb\",\"itemListElement\":[{\"@type\":\"ListItem\",\"position\":1,\"name\":\"Winkel\",\"item\":\"https:\/\/misterpool.be\/nl\/winkel\/\"},{\"@type\":\"ListItem\",\"position\":2,\"name\":\"Eucalyptus &#8211; 0,25 L &#8211; Essenti\u00eble eucalyptusolie\"}]},{\"@type\":\"WebSite\",\"@id\":\"https:\/\/misterpool.be\/nl\/#website\",\"url\":\"https:\/\/misterpool.be\/nl\/\",\"name\":\"MisterPool\",\"description\":\"\",\"publisher\":{\"@id\":\"https:\/\/misterpool.be\/nl\/#organization\"},\"potentialAction\":[{\"@type\":\"SearchAction\",\"target\":{\"@type\":\"EntryPoint\",\"urlTemplate\":\"https:\/\/misterpool.be\/nl\/?s={search_term_string}\"},\"query-input\":{\"@type\":\"PropertyValueSpecification\",\"valueRequired\":true,\"valueName\":\"search_term_string\"}}],\"inLanguage\":\"nl-NL\"},{\"@type\":\"Organization\",\"@id\":\"https:\/\/misterpool.be\/nl\/#organization\",\"name\":\"MisterPool\",\"url\":\"https:\/\/misterpool.be\/nl\/\",\"logo\":{\"@type\":\"ImageObject\",\"inLanguage\":\"nl-NL\",\"@id\":\"https:\/\/misterpool.be\/nl\/#\/schema\/logo\/image\/\",\"url\":\"https:\/\/misterpool.be\/wp-content\/uploads\/2023\/02\/logo.svg\",\"contentUrl\":\"https:\/\/misterpool.be\/wp-content\/uploads\/2023\/02\/logo.svg\",\"width\":154,\"height\":140,\"caption\":\"MisterPool\"},\"image\":{\"@id\":\"https:\/\/misterpool.be\/nl\/#\/schema\/logo\/image\/\"}}]}<\/script>\n<!-- \/ Yoast SEO plugin. -->","yoast_head_json":{"title":"Eucalyptus - 0,25 L - Essenti\u00eble eucalyptusolie - MisterPool","robots":{"index":"index","follow":"follow","max-snippet":"max-snippet:-1","max-image-preview":"max-image-preview:large","max-video-preview":"max-video-preview:-1"},"canonical":"https:\/\/misterpool.be\/nl\/producten\/rosemary-025-l-huile-essentiele-eucalyptusolie\/","og_locale":"nl_NL","og_type":"article","og_title":"Eucalyptus - 0,25 L - Essenti\u00eble eucalyptusolie - MisterPool","og_description":"Het geurwater van Spas4Ever is gebaseerd op essenti\u00eble oli\u00ebn voor aromatherapie. Het geurwater schuimt niet en heeft geen enkele invloed op het water in uw spa. Het vormt op geen enkele manier een gevaar voor het oppervlak van uw spa of voor de onderdelen ervan. Daardoor is het perfect geschikt voor gebruik in de spa. [&hellip;]","og_url":"https:\/\/misterpool.be\/nl\/producten\/rosemary-025-l-huile-essentiele-eucalyptusolie\/","og_site_name":"MisterPool","article_modified_time":"2026-01-09T10:10:24+00:00","og_image":[{"width":800,"height":600,"url":"https:\/\/misterpool.be\/wp-content\/uploads\/2024\/02\/Rose-01.webp","type":"image\/webp"}],"twitter_card":"summary_large_image","twitter_misc":{"Geschatte leestijd":"1 minuut"},"schema":{"@context":"https:\/\/schema.org","@graph":[{"@type":"WebPage","@id":"https:\/\/misterpool.be\/nl\/producten\/rosemary-025-l-huile-essentiele-eucalyptusolie\/","url":"https:\/\/misterpool.be\/nl\/producten\/rosemary-025-l-huile-essentiele-eucalyptusolie\/","name":"Eucalyptus - 0,25 L - Essenti\u00eble eucalyptusolie - MisterPool","isPartOf":{"@id":"https:\/\/misterpool.be\/nl\/#website"},"primaryImageOfPage":{"@id":"https:\/\/misterpool.be\/nl\/producten\/rosemary-025-l-huile-essentiele-eucalyptusolie\/#primaryimage"},"image":{"@id":"https:\/\/misterpool.be\/nl\/producten\/rosemary-025-l-huile-essentiele-eucalyptusolie\/#primaryimage"},"thumbnailUrl":"https:\/\/misterpool.be\/wp-content\/uploads\/2024\/02\/Rose-01.webp","datePublished":"2024-02-22T10:11:38+00:00","dateModified":"2026-01-09T10:10:24+00:00","breadcrumb":{"@id":"https:\/\/misterpool.be\/nl\/producten\/rosemary-025-l-huile-essentiele-eucalyptusolie\/#breadcrumb"},"inLanguage":"nl-NL","potentialAction":[{"@type":"ReadAction","target":["https:\/\/misterpool.be\/nl\/producten\/rosemary-025-l-huile-essentiele-eucalyptusolie\/"]}]},{"@type":"ImageObject","inLanguage":"nl-NL","@id":"https:\/\/misterpool.be\/nl\/producten\/rosemary-025-l-huile-essentiele-eucalyptusolie\/#primaryimage","url":"https:\/\/misterpool.be\/wp-content\/uploads\/2024\/02\/Rose-01.webp","contentUrl":"https:\/\/misterpool.be\/wp-content\/uploads\/2024\/02\/Rose-01.webp","width":800,"height":600},{"@type":"BreadcrumbList","@id":"https:\/\/misterpool.be\/nl\/producten\/rosemary-025-l-huile-essentiele-eucalyptusolie\/#breadcrumb","itemListElement":[{"@type":"ListItem","position":1,"name":"Winkel","item":"https:\/\/misterpool.be\/nl\/winkel\/"},{"@type":"ListItem","position":2,"name":"Eucalyptus &#8211; 0,25 L &#8211; Essenti\u00eble eucalyptusolie"}]},{"@type":"WebSite","@id":"https:\/\/misterpool.be\/nl\/#website","url":"https:\/\/misterpool.be\/nl\/","name":"MisterPool","description":"","publisher":{"@id":"https:\/\/misterpool.be\/nl\/#organization"},"potentialAction":[{"@type":"SearchAction","target":{"@type":"EntryPoint","urlTemplate":"https:\/\/misterpool.be\/nl\/?s={search_term_string}"},"query-input":{"@type":"PropertyValueSpecification","valueRequired":true,"valueName":"search_term_string"}}],"inLanguage":"nl-NL"},{"@type":"Organization","@id":"https:\/\/misterpool.be\/nl\/#organization","name":"MisterPool","url":"https:\/\/misterpool.be\/nl\/","logo":{"@type":"ImageObject","inLanguage":"nl-NL","@id":"https:\/\/misterpool.be\/nl\/#\/schema\/logo\/image\/","url":"https:\/\/misterpool.be\/wp-content\/uploads\/2023\/02\/logo.svg","contentUrl":"https:\/\/misterpool.be\/wp-content\/uploads\/2023\/02\/logo.svg","width":154,"height":140,"caption":"MisterPool"},"image":{"@id":"https:\/\/misterpool.be\/nl\/#\/schema\/logo\/image\/"}}]}},"_links":{"self":[{"href":"https:\/\/misterpool.be\/nl\/wp-json\/wp\/v2\/product\/4313","targetHints":{"allow":["GET"]}}],"collection":[{"href":"https:\/\/misterpool.be\/nl\/wp-json\/wp\/v2\/product"}],"about":[{"href":"https:\/\/misterpool.be\/nl\/wp-json\/wp\/v2\/types\/product"}],"replies":[{"embeddable":true,"href":"https:\/\/misterpool.be\/nl\/wp-json\/wp\/v2\/comments?post=4313"}],"wp:featuredmedia":[{"embeddable":true,"href":"https:\/\/misterpool.be\/nl\/wp-json\/wp\/v2\/media\/4314"}],"wp:attachment":[{"href":"https:\/\/misterpool.be\/nl\/wp-json\/wp\/v2\/media?parent=4313"}],"wp:term":[{"taxonomy":"thematique","embeddable":true,"href":"https:\/\/misterpool.be\/nl\/wp-json\/wp\/v2\/thematique?post=4313"},{"taxonomy":"product_cat","embeddable":true,"href":"https:\/\/misterpool.be\/nl\/wp-json\/wp\/v2\/product_cat?post=4313"},{"taxonomy":"product_brand","embeddable":true,"href":"https:\/\/misterpool.be\/nl\/wp-json\/wp\/v2\/product_brand?post=4313"},{"taxonomy":"product_tag","embeddable":true,"href":"https:\/\/misterpool.be\/nl\/wp-json\/wp\/v2\/product_tag?post=4313"}],"curies":[{"name":"wp","href":"https:\/\/api.w.org\/{rel}","templated":true}]}}