{"id":3958,"date":"2023-03-13T15:43:23","date_gmt":"2023-03-13T14:43:23","guid":{"rendered":"https:\/\/misterpool.be\/produit\/resticlor-pm-607-1kg-elimine-lexces-de-chlore\/"},"modified":"2025-12-17T14:05:18","modified_gmt":"2025-12-17T13:05:18","slug":"resticlor-pm-607-1kg-verwijdert-overtollig-chloor","status":"publish","type":"product","link":"https:\/\/misterpool.be\/nl\/producten\/resticlor-pm-607-1kg-verwijdert-overtollig-chloor\/","title":{"rendered":"Resticlor PM-607 &#8211; 1 kg &#8211; Verwijdert overtollig chloor"},"content":{"rendered":"<p data-start=\"56\" data-end=\"349\">Resticlor PM607 van het merk Piscimar is een product om overtollig chloor, broom of waterstofperoxide te verwijderen. Het werkt snel en wordt aanbevolen om een teveel aan chloor te verminderen v\u00f3\u00f3r het zwemmen of v\u00f3\u00f3r het gebruik van andere producten die een laag chloorgehalte vereisen.<\/p>\n<p data-start=\"351\" data-end=\"469\">Resticlor is een witte kristallijne vaste stof, gemakkelijk oplosbaar in water, met een matig reducerend karakter.<\/p>\n","protected":false},"excerpt":{"rendered":"<p>Resticlor PM607 van het merk Piscimar is een product om overtollig chloor, broom of waterstofperoxide te verwijderen. Het werkt snel en wordt aanbevolen om een teveel aan chloor te verminderen v\u00f3\u00f3r het zwemmen of v\u00f3\u00f3r het gebruik van andere producten die een laag chloorgehalte vereisen. Resticlor is een witte kristallijne vaste stof, gemakkelijk oplosbaar in [&hellip;]<\/p>\n","protected":false},"featured_media":3960,"comment_status":"open","ping_status":"closed","template":"","meta":{"_acf_changed":false},"thematique":[245],"product_cat":[246,248,247],"product_brand":[],"product_tag":[],"class_list":{"0":"post-3958","1":"product","2":"type-product","3":"status-publish","4":"has-post-thumbnail","6":"thematique-chemie-in-volle-glorie","7":"product_cat-behandelingsproducten","8":"product_cat-overige","9":"product_cat-specifieke-producten","10":"product_shipping_class-bpost","12":"first","13":"instock","14":"taxable","15":"shipping-taxable","16":"purchasable","17":"product-type-simple"},"acf":[],"yoast_head":"<!-- This site is optimized with the Yoast SEO plugin v27.2 - https:\/\/yoast.com\/product\/yoast-seo-wordpress\/ -->\n<title>Resticlor PM-607 - 1 kg - Verwijdert overtollig chloor - MisterPool<\/title>\n<meta name=\"description\" content=\"Celnet PM142 is een product voor het reinigen van elektrolysecellen, met een sterk ontkalkend vermogen. Het product is zeer eenvoudig te hanteren en te gebruiken.\" \/>\n<meta name=\"robots\" content=\"index, follow, max-snippet:-1, max-image-preview:large, max-video-preview:-1\" \/>\n<link rel=\"canonical\" href=\"https:\/\/misterpool.be\/nl\/producten\/resticlor-pm-607-1kg-verwijdert-overtollig-chloor\/\" \/>\n<meta property=\"og:locale\" content=\"nl_NL\" \/>\n<meta property=\"og:type\" content=\"article\" \/>\n<meta property=\"og:title\" content=\"Resticlor PM-607 - 1 kg - Verwijdert overtollig chloor - MisterPool\" \/>\n<meta property=\"og:description\" content=\"Celnet PM142 is een product voor het reinigen van elektrolysecellen, met een sterk ontkalkend vermogen. Het product is zeer eenvoudig te hanteren en te gebruiken.\" \/>\n<meta property=\"og:url\" content=\"https:\/\/misterpool.be\/nl\/producten\/resticlor-pm-607-1kg-verwijdert-overtollig-chloor\/\" \/>\n<meta property=\"og:site_name\" content=\"MisterPool\" \/>\n<meta property=\"article:modified_time\" content=\"2025-12-17T13:05:18+00:00\" \/>\n<meta property=\"og:image\" content=\"https:\/\/misterpool.be\/wp-content\/uploads\/2023\/03\/Resticlor_PM607.webp\" \/>\n\t<meta property=\"og:image:width\" content=\"800\" \/>\n\t<meta property=\"og:image:height\" content=\"600\" \/>\n\t<meta property=\"og:image:type\" content=\"image\/webp\" \/>\n<meta name=\"twitter:card\" content=\"summary_large_image\" \/>\n<meta name=\"twitter:label1\" content=\"Geschatte leestijd\" \/>\n\t<meta name=\"twitter:data1\" content=\"1 minuut\" \/>\n<script type=\"application\/ld+json\" class=\"yoast-schema-graph\">{\"@context\":\"https:\/\/schema.org\",\"@graph\":[{\"@type\":\"WebPage\",\"@id\":\"https:\/\/misterpool.be\/nl\/producten\/resticlor-pm-607-1kg-verwijdert-overtollig-chloor\/\",\"url\":\"https:\/\/misterpool.be\/nl\/producten\/resticlor-pm-607-1kg-verwijdert-overtollig-chloor\/\",\"name\":\"Resticlor PM-607 - 1 kg - Verwijdert overtollig chloor - MisterPool\",\"isPartOf\":{\"@id\":\"https:\/\/misterpool.be\/nl\/#website\"},\"primaryImageOfPage\":{\"@id\":\"https:\/\/misterpool.be\/nl\/producten\/resticlor-pm-607-1kg-verwijdert-overtollig-chloor\/#primaryimage\"},\"image\":{\"@id\":\"https:\/\/misterpool.be\/nl\/producten\/resticlor-pm-607-1kg-verwijdert-overtollig-chloor\/#primaryimage\"},\"thumbnailUrl\":\"https:\/\/misterpool.be\/wp-content\/uploads\/2023\/03\/Resticlor_PM607.webp\",\"datePublished\":\"2023-03-13T14:43:23+00:00\",\"dateModified\":\"2025-12-17T13:05:18+00:00\",\"description\":\"Celnet PM142 is een product voor het reinigen van elektrolysecellen, met een sterk ontkalkend vermogen. Het product is zeer eenvoudig te hanteren en te gebruiken.\",\"breadcrumb\":{\"@id\":\"https:\/\/misterpool.be\/nl\/producten\/resticlor-pm-607-1kg-verwijdert-overtollig-chloor\/#breadcrumb\"},\"inLanguage\":\"nl-NL\",\"potentialAction\":[{\"@type\":\"ReadAction\",\"target\":[\"https:\/\/misterpool.be\/nl\/producten\/resticlor-pm-607-1kg-verwijdert-overtollig-chloor\/\"]}]},{\"@type\":\"ImageObject\",\"inLanguage\":\"nl-NL\",\"@id\":\"https:\/\/misterpool.be\/nl\/producten\/resticlor-pm-607-1kg-verwijdert-overtollig-chloor\/#primaryimage\",\"url\":\"https:\/\/misterpool.be\/wp-content\/uploads\/2023\/03\/Resticlor_PM607.webp\",\"contentUrl\":\"https:\/\/misterpool.be\/wp-content\/uploads\/2023\/03\/Resticlor_PM607.webp\",\"width\":800,\"height\":600},{\"@type\":\"BreadcrumbList\",\"@id\":\"https:\/\/misterpool.be\/nl\/producten\/resticlor-pm-607-1kg-verwijdert-overtollig-chloor\/#breadcrumb\",\"itemListElement\":[{\"@type\":\"ListItem\",\"position\":1,\"name\":\"Winkel\",\"item\":\"https:\/\/misterpool.be\/nl\/winkel\/\"},{\"@type\":\"ListItem\",\"position\":2,\"name\":\"Resticlor PM-607 &#8211; 1 kg &#8211; Verwijdert overtollig chloor\"}]},{\"@type\":\"WebSite\",\"@id\":\"https:\/\/misterpool.be\/nl\/#website\",\"url\":\"https:\/\/misterpool.be\/nl\/\",\"name\":\"MisterPool\",\"description\":\"\",\"publisher\":{\"@id\":\"https:\/\/misterpool.be\/nl\/#organization\"},\"potentialAction\":[{\"@type\":\"SearchAction\",\"target\":{\"@type\":\"EntryPoint\",\"urlTemplate\":\"https:\/\/misterpool.be\/nl\/?s={search_term_string}\"},\"query-input\":{\"@type\":\"PropertyValueSpecification\",\"valueRequired\":true,\"valueName\":\"search_term_string\"}}],\"inLanguage\":\"nl-NL\"},{\"@type\":\"Organization\",\"@id\":\"https:\/\/misterpool.be\/nl\/#organization\",\"name\":\"MisterPool\",\"url\":\"https:\/\/misterpool.be\/nl\/\",\"logo\":{\"@type\":\"ImageObject\",\"inLanguage\":\"nl-NL\",\"@id\":\"https:\/\/misterpool.be\/nl\/#\/schema\/logo\/image\/\",\"url\":\"https:\/\/misterpool.be\/wp-content\/uploads\/2023\/02\/logo.svg\",\"contentUrl\":\"https:\/\/misterpool.be\/wp-content\/uploads\/2023\/02\/logo.svg\",\"width\":154,\"height\":140,\"caption\":\"MisterPool\"},\"image\":{\"@id\":\"https:\/\/misterpool.be\/nl\/#\/schema\/logo\/image\/\"}}]}<\/script>\n<!-- \/ Yoast SEO plugin. -->","yoast_head_json":{"title":"Resticlor PM-607 - 1 kg - Verwijdert overtollig chloor - MisterPool","description":"Celnet PM142 is een product voor het reinigen van elektrolysecellen, met een sterk ontkalkend vermogen. Het product is zeer eenvoudig te hanteren en te gebruiken.","robots":{"index":"index","follow":"follow","max-snippet":"max-snippet:-1","max-image-preview":"max-image-preview:large","max-video-preview":"max-video-preview:-1"},"canonical":"https:\/\/misterpool.be\/nl\/producten\/resticlor-pm-607-1kg-verwijdert-overtollig-chloor\/","og_locale":"nl_NL","og_type":"article","og_title":"Resticlor PM-607 - 1 kg - Verwijdert overtollig chloor - MisterPool","og_description":"Celnet PM142 is een product voor het reinigen van elektrolysecellen, met een sterk ontkalkend vermogen. Het product is zeer eenvoudig te hanteren en te gebruiken.","og_url":"https:\/\/misterpool.be\/nl\/producten\/resticlor-pm-607-1kg-verwijdert-overtollig-chloor\/","og_site_name":"MisterPool","article_modified_time":"2025-12-17T13:05:18+00:00","og_image":[{"width":800,"height":600,"url":"https:\/\/misterpool.be\/wp-content\/uploads\/2023\/03\/Resticlor_PM607.webp","type":"image\/webp"}],"twitter_card":"summary_large_image","twitter_misc":{"Geschatte leestijd":"1 minuut"},"schema":{"@context":"https:\/\/schema.org","@graph":[{"@type":"WebPage","@id":"https:\/\/misterpool.be\/nl\/producten\/resticlor-pm-607-1kg-verwijdert-overtollig-chloor\/","url":"https:\/\/misterpool.be\/nl\/producten\/resticlor-pm-607-1kg-verwijdert-overtollig-chloor\/","name":"Resticlor PM-607 - 1 kg - Verwijdert overtollig chloor - MisterPool","isPartOf":{"@id":"https:\/\/misterpool.be\/nl\/#website"},"primaryImageOfPage":{"@id":"https:\/\/misterpool.be\/nl\/producten\/resticlor-pm-607-1kg-verwijdert-overtollig-chloor\/#primaryimage"},"image":{"@id":"https:\/\/misterpool.be\/nl\/producten\/resticlor-pm-607-1kg-verwijdert-overtollig-chloor\/#primaryimage"},"thumbnailUrl":"https:\/\/misterpool.be\/wp-content\/uploads\/2023\/03\/Resticlor_PM607.webp","datePublished":"2023-03-13T14:43:23+00:00","dateModified":"2025-12-17T13:05:18+00:00","description":"Celnet PM142 is een product voor het reinigen van elektrolysecellen, met een sterk ontkalkend vermogen. Het product is zeer eenvoudig te hanteren en te gebruiken.","breadcrumb":{"@id":"https:\/\/misterpool.be\/nl\/producten\/resticlor-pm-607-1kg-verwijdert-overtollig-chloor\/#breadcrumb"},"inLanguage":"nl-NL","potentialAction":[{"@type":"ReadAction","target":["https:\/\/misterpool.be\/nl\/producten\/resticlor-pm-607-1kg-verwijdert-overtollig-chloor\/"]}]},{"@type":"ImageObject","inLanguage":"nl-NL","@id":"https:\/\/misterpool.be\/nl\/producten\/resticlor-pm-607-1kg-verwijdert-overtollig-chloor\/#primaryimage","url":"https:\/\/misterpool.be\/wp-content\/uploads\/2023\/03\/Resticlor_PM607.webp","contentUrl":"https:\/\/misterpool.be\/wp-content\/uploads\/2023\/03\/Resticlor_PM607.webp","width":800,"height":600},{"@type":"BreadcrumbList","@id":"https:\/\/misterpool.be\/nl\/producten\/resticlor-pm-607-1kg-verwijdert-overtollig-chloor\/#breadcrumb","itemListElement":[{"@type":"ListItem","position":1,"name":"Winkel","item":"https:\/\/misterpool.be\/nl\/winkel\/"},{"@type":"ListItem","position":2,"name":"Resticlor PM-607 &#8211; 1 kg &#8211; Verwijdert overtollig chloor"}]},{"@type":"WebSite","@id":"https:\/\/misterpool.be\/nl\/#website","url":"https:\/\/misterpool.be\/nl\/","name":"MisterPool","description":"","publisher":{"@id":"https:\/\/misterpool.be\/nl\/#organization"},"potentialAction":[{"@type":"SearchAction","target":{"@type":"EntryPoint","urlTemplate":"https:\/\/misterpool.be\/nl\/?s={search_term_string}"},"query-input":{"@type":"PropertyValueSpecification","valueRequired":true,"valueName":"search_term_string"}}],"inLanguage":"nl-NL"},{"@type":"Organization","@id":"https:\/\/misterpool.be\/nl\/#organization","name":"MisterPool","url":"https:\/\/misterpool.be\/nl\/","logo":{"@type":"ImageObject","inLanguage":"nl-NL","@id":"https:\/\/misterpool.be\/nl\/#\/schema\/logo\/image\/","url":"https:\/\/misterpool.be\/wp-content\/uploads\/2023\/02\/logo.svg","contentUrl":"https:\/\/misterpool.be\/wp-content\/uploads\/2023\/02\/logo.svg","width":154,"height":140,"caption":"MisterPool"},"image":{"@id":"https:\/\/misterpool.be\/nl\/#\/schema\/logo\/image\/"}}]}},"_links":{"self":[{"href":"https:\/\/misterpool.be\/nl\/wp-json\/wp\/v2\/product\/3958","targetHints":{"allow":["GET"]}}],"collection":[{"href":"https:\/\/misterpool.be\/nl\/wp-json\/wp\/v2\/product"}],"about":[{"href":"https:\/\/misterpool.be\/nl\/wp-json\/wp\/v2\/types\/product"}],"replies":[{"embeddable":true,"href":"https:\/\/misterpool.be\/nl\/wp-json\/wp\/v2\/comments?post=3958"}],"wp:featuredmedia":[{"embeddable":true,"href":"https:\/\/misterpool.be\/nl\/wp-json\/wp\/v2\/media\/3960"}],"wp:attachment":[{"href":"https:\/\/misterpool.be\/nl\/wp-json\/wp\/v2\/media?parent=3958"}],"wp:term":[{"taxonomy":"thematique","embeddable":true,"href":"https:\/\/misterpool.be\/nl\/wp-json\/wp\/v2\/thematique?post=3958"},{"taxonomy":"product_cat","embeddable":true,"href":"https:\/\/misterpool.be\/nl\/wp-json\/wp\/v2\/product_cat?post=3958"},{"taxonomy":"product_brand","embeddable":true,"href":"https:\/\/misterpool.be\/nl\/wp-json\/wp\/v2\/product_brand?post=3958"},{"taxonomy":"product_tag","embeddable":true,"href":"https:\/\/misterpool.be\/nl\/wp-json\/wp\/v2\/product_tag?post=3958"}],"curies":[{"name":"wp","href":"https:\/\/api.w.org\/{rel}","templated":true}]}}